{"id":21,"date":"2014-09-26T17:23:32","date_gmt":"2014-09-26T17:23:32","guid":{"rendered":"http:\/\/192.168.1.104\/enfold-photography\/?page_id=21"},"modified":"2020-03-06T17:51:32","modified_gmt":"2020-03-06T16:51:32","slug":"about","status":"publish","type":"page","link":"https:\/\/arcora-academy.com\/de\/about\/","title":{"rendered":"\u00dcber Uns"},"content":{"rendered":"<div id='full_slider_1'  class='avia-fullwidth-slider main_color avia-shadow   avia-builder-el-0  el_before_av_layout_row  avia-builder-el-first   container_wrap fullsize'  ><div  class='avia-slideshow av-jjuip-0c95334215bbc6c23cbf0842a160a956 avia-slideshow-featured_large av_slideshow_full avia-fade-slider av-slideshow-ui av-control-minimal av-slideshow-manual av-loop-once av-loop-manual-endless av-default-height-applied   avia-slideshow-1' data-slideshow-options=\"{&quot;animation&quot;:&quot;fade&quot;,&quot;autoplay&quot;:false,&quot;loop_autoplay&quot;:&quot;once&quot;,&quot;interval&quot;:5,&quot;loop_manual&quot;:&quot;manual-endless&quot;,&quot;autoplay_stopper&quot;:false,&quot;noNavigation&quot;:false,&quot;bg_slider&quot;:false,&quot;keep_padding&quot;:false,&quot;hoverpause&quot;:false,&quot;show_slide_delay&quot;:0}\"  itemprop=\"image\" itemscope=\"itemscope\" itemtype=\"https:\/\/schema.org\/ImageObject\" ><ul class='avia-slideshow-inner ' style='padding-bottom: 34.357142857143%;'><li  class='avia-slideshow-slide av-jjuip-0c95334215bbc6c23cbf0842a160a956__0  av-single-slide slide-1 slide-odd'><div data-rel='slideshow-1' class='avia-slide-wrap '   ><div class='av-slideshow-caption av-jjuip-0c95334215bbc6c23cbf0842a160a956__0 caption_fullwidth caption_bottom'><div class=\"container caption_container\"><div class=\"slideshow_caption\"><div class=\"slideshow_inner_caption\"><div class=\"slideshow_align_caption\"><h2 class='avia-caption-title '  itemprop=\"name\" >\u00dcBER UNS<\/h2><div class='avia-caption-content '  itemprop=\"description\" ><p>Profitieren Sie von uns&#8230;<\/p>\n<\/div><\/div><\/div><\/div><\/div><\/div><img decoding=\"async\" class=\"wp-image-481 avia-img-lazy-loading-not-481\"  src=\"https:\/\/arcora-academy.com\/de\/wp-content\/uploads\/2020\/02\/WIR2.jpg\" width=\"1400\" height=\"481\" title='WIR2' alt=''  itemprop=\"thumbnailUrl\" srcset=\"https:\/\/arcora-academy.com\/de\/wp-content\/uploads\/2020\/02\/WIR2.jpg 1400w, https:\/\/arcora-academy.com\/de\/wp-content\/uploads\/2020\/02\/WIR2-300x103.jpg 300w, https:\/\/arcora-academy.com\/de\/wp-content\/uploads\/2020\/02\/WIR2-1030x354.jpg 1030w, https:\/\/arcora-academy.com\/de\/wp-content\/uploads\/2020\/02\/WIR2-768x264.jpg 768w, https:\/\/arcora-academy.com\/de\/wp-content\/uploads\/2020\/02\/WIR2-705x242.jpg 705w\" sizes=\"(max-width: 1400px) 100vw, 1400px\" \/><\/div><\/li><\/ul><\/div><\/div>\n<div id='av-layout-grid-1'  class='av-layout-grid-container av-hc4x5-121224cb09646d3215bdcce1de5f0d2e entry-content-wrapper main_color av-flex-cells  avia-builder-el-1  el_after_av_slideshow_full  el_before_av_three_fifth  grid-row-not-first  container_wrap fullsize'  >\n\n<style type=\"text\/css\" data-created_by=\"avia_inline_auto\" id=\"style-css-av-gs331-c53a533ca7aa370384560881502fc936\">\n.flex_cell.av-gs331-c53a533ca7aa370384560881502fc936{\nvertical-align:top;\n}\n.responsive #top #wrap_all .flex_cell.av-gs331-c53a533ca7aa370384560881502fc936{\npadding:30px 30px 30px 30px !important;\n}\n<\/style>\n<div class='flex_cell av-gs331-c53a533ca7aa370384560881502fc936 av-gridrow-cell av_one_full no_margin  avia-builder-el-2  avia-builder-el-no-sibling ' ><div class='flex_cell_inner'>\n<style type=\"text\/css\" data-created_by=\"avia_inline_auto\" id=\"style-css-av-28aix-cdaef9e70be2597847020114b3ca4f06\">\n#top .av-special-heading.av-28aix-cdaef9e70be2597847020114b3ca4f06{\npadding-bottom:10px;\n}\nbody .av-special-heading.av-28aix-cdaef9e70be2597847020114b3ca4f06 .av-special-heading-tag .heading-char{\nfont-size:25px;\n}\n.av-special-heading.av-28aix-cdaef9e70be2597847020114b3ca4f06 .av-subheading{\nfont-size:15px;\n}\n<\/style>\n<div  class='av-special-heading av-28aix-cdaef9e70be2597847020114b3ca4f06 av-special-heading-h2  avia-builder-el-3  avia-builder-el-no-sibling '><h2 class='av-special-heading-tag'  itemprop=\"headline\"  >INNOVATIVE L\u00d6SUNGEN F\u00dcR DIE REINIGUNGSWELT<\/h2><div class=\"special-heading-border\"><div class=\"special-heading-inner-border\"><\/div><\/div><\/div>\n<\/div><\/div>\n<\/div><div id='after_grid_row_1'  class='main_color av_default_container_wrap container_wrap fullsize'  ><div class='container av-section-cont-open' ><div class='template-page content  av-content-full alpha units'><div class='post-entry post-entry-type-page post-entry-21'><div class='entry-content-wrapper clearfix'>\n\n<style type=\"text\/css\" data-created_by=\"avia_inline_auto\" id=\"style-css-av-1npph-f0da7f964d5b2bac2edaee13344ec1d8\">\n.flex_column.av-1npph-f0da7f964d5b2bac2edaee13344ec1d8{\n-webkit-border-radius:0px 0px 0px 0px;\n-moz-border-radius:0px 0px 0px 0px;\nborder-radius:0px 0px 0px 0px;\npadding:0px 0px 0px 0px;\n}\n<\/style>\n<div class='flex_column av-1npph-f0da7f964d5b2bac2edaee13344ec1d8 av_three_fifth  avia-builder-el-4  el_after_av_layout_row  el_before_av_two_fifth  avia-builder-el-first  first flex_column_div av-zero-column-padding '     ><section  class='av_textblock_section av-fyzjx-cd114225b8c1b50cdefcbb619d576221'  itemscope=\"itemscope\" itemtype=\"https:\/\/schema.org\/CreativeWork\" ><div class='avia_textblock'  itemprop=\"text\" ><p>Seit \u00fcber 28 Jahren bietet die ARCORA\u00ae GROUP hervorragende Produkte und einen herausragenden Service an. Damit hat sie sich erfolgreich und nachhaltig eine beachtliche Position im weltweiten Markt f\u00fcr Reinigungsprodukte gesichert.<br \/>\nDie eindrucksvolle Entwicklung der ARCORA\u00ae GROUP basiert auf der kontinuierlichen Einf\u00fchrung von Produktinnovationen, die unseren Kunden ein hohes Ma\u00df an Qualit\u00e4t und Zuverl\u00e4ssigkeit garantieren.<\/p>\n<p>Unser Erfolgskonzept sind Produkte, die sich durch hohe Haltbarkeit und Zuverl\u00e4ssigkeit, ein besonderes Ma\u00df an Funktionalit\u00e4t, Ausstattung, Innovation und Technik sowie zeitgem\u00e4\u00dfer Ergonomie und zeitlosem Design auszeichnen.<\/p>\n<p>Umfangreiche Marktumfragen und -analysen haben ferner best\u00e4tigt, dass heute die Nachfrage nach Produkten, die die unterschiedlichsten und individuellsten Bed\u00fcrfnisse und Erfordernisse erf\u00fcllen, enorm gewachsen ist. Diesen gestiegenen Anforderungen wollen wir gerecht werden.<\/p>\n<\/div><\/section><\/div>\n\n<style type=\"text\/css\" data-created_by=\"avia_inline_auto\" id=\"style-css-av-yigd-baf2d1bf0a39f84c8ea248f4436e44e1\">\n.flex_column.av-yigd-baf2d1bf0a39f84c8ea248f4436e44e1{\n-webkit-border-radius:0px 0px 0px 0px;\n-moz-border-radius:0px 0px 0px 0px;\nborder-radius:0px 0px 0px 0px;\npadding:0px 0px 0px 0px;\n}\n<\/style>\n<div class='flex_column av-yigd-baf2d1bf0a39f84c8ea248f4436e44e1 av_two_fifth  avia-builder-el-6  el_after_av_three_fifth  el_before_av_section  avia-builder-el-last  flex_column_div av-zero-column-padding '     ><section  class='av_textblock_section av-fyzjx-cd114225b8c1b50cdefcbb619d576221'  itemscope=\"itemscope\" itemtype=\"https:\/\/schema.org\/CreativeWork\" ><div class='avia_textblock'  itemprop=\"text\" ><h3>Profitieren Sie von uns durch:<\/h3>\n<p>\u25a0 unsere langj\u00e4hrigen Erfahrungen<br \/>\n\u25a0 Intensiv-Training in kleinen Gruppen<br \/>\n\u25a0 Individuelle Seminarprogramme, die auf die jeweiligen Unternehmensziele ausgerichtet sind<br \/>\n\u25a0 Trainingsbeispiele aus der Praxis<br \/>\n\u25a0 Sprachorientierte Schulungstage<br \/>\n\u25a0 \u00fcber 4.000 zufriedene Kunden<\/p>\n<\/div><\/section><\/div>\n<\/div><\/div><\/div><!-- close content main div --><\/div><\/div>\n<style type=\"text\/css\" data-created_by=\"avia_inline_auto\" id=\"style-css-av-bk84d-9c5f053564525a617f440e861a0454e8\">\n.avia-section.av-bk84d-9c5f053564525a617f440e861a0454e8{\nbackground-color:#18737a;\nbackground-image:unset;\n}\n<\/style>\n<div id='av_section_1'  class='avia-section av-bk84d-9c5f053564525a617f440e861a0454e8 main_color avia-section-default avia-no-border-styling  avia-builder-el-8  el_after_av_two_fifth  el_before_av_one_full  avia-bg-style-scroll container_wrap fullsize'  ><div class='container av-section-cont-open' ><div class='template-page content  av-content-full alpha units'><div class='post-entry post-entry-type-page post-entry-21'><div class='entry-content-wrapper clearfix'>\n<div class='flex_column av-14f15-d180f43305d30c29a8a1d47e40241a09 av_one_fourth  avia-builder-el-9  el_before_av_one_fourth  avia-builder-el-first  first flex_column_div '     ><div  class=\"avia-animated-number av-afco5-0f943885d755673b13f3a9fcc96c47e8 av-force-default-color avia_animate_when_visible  avia-builder-el-10  avia-builder-el-no-sibling  avia-color-font-light \" data-timer=\"3000\"><strong class=\"heading avia-animated-number-title\"><span class=\"avia-single-number __av-single-number\" data-number_format=\"\" data-number=\"2500\" data-start_from=\"0\">2500<\/span><\/strong><div class=\"avia-animated-number-content\"><p>Gro\u00dfkunden<\/p>\n<\/div><\/div><\/div><div class='flex_column av-a2851-570aa4e483abbcbaf0bc05cbc03938db av_one_fourth  avia-builder-el-11  el_after_av_one_fourth  el_before_av_one_fourth  flex_column_div '     ><div  class=\"avia-animated-number av-94nkp-6b5cbdece6af573be0a1278469beb3d9 av-force-default-color avia_animate_when_visible  avia-builder-el-12  avia-builder-el-no-sibling  avia-color-font-light \" data-timer=\"3000\"><strong class=\"heading avia-animated-number-title\"><span class=\"avia-single-number __av-single-number\" data-number_format=\"\" data-number=\"1400\" data-start_from=\"0\">1400<\/span><\/strong><div class=\"avia-animated-number-content\"><p>Artikel<\/p>\n<\/div><\/div><\/div><div class='flex_column av-8emjd-7eba8331e50e85a78bfdd6399a18e3c0 av_one_fourth  avia-builder-el-13  el_after_av_one_fourth  el_before_av_one_fourth  flex_column_div '     ><div  class=\"avia-animated-number av-7tbpt-ee5d50db5259ff9851653d71b87d1ffd av-force-default-color avia_animate_when_visible  avia-builder-el-14  avia-builder-el-no-sibling  avia-color-font-light \" data-timer=\"3000\"><strong class=\"heading avia-animated-number-title\"><span class=\"avia-single-number __av-single-number\" data-number_format=\"\" data-number=\"43\" data-start_from=\"0\">43<\/span><\/strong><div class=\"avia-animated-number-content\"><p>L\u00e4nder<\/p>\n<\/div><\/div><\/div><div class='flex_column av-7e749-f13ed8e3979d7dbe06701ca1878e0a81 av_one_fourth  avia-builder-el-15  el_after_av_one_fourth  avia-builder-el-last  flex_column_div '     ><div  class=\"avia-animated-number av-6pm35-da862ef72fd2bae92080fc553fd63a4e av-force-default-color avia_animate_when_visible  avia-builder-el-16  avia-builder-el-no-sibling  avia-color-font-light \" data-timer=\"3000\"><strong class=\"heading avia-animated-number-title\"><span class=\"avia-single-number __av-single-number\" data-number_format=\"\" data-number=\"28\" data-start_from=\"0\">28<\/span><\/strong><div class=\"avia-animated-number-content\"><p>Jahre Erfahrung<\/p>\n<\/div><\/div><\/div>\n<\/div><\/div><\/div><!-- close content main div --><\/div><\/div><div id='after_section_1'  class='main_color av_default_container_wrap container_wrap fullsize'  ><div class='container av-section-cont-open' ><div class='template-page content  av-content-full alpha units'><div class='post-entry post-entry-type-page post-entry-21'><div class='entry-content-wrapper clearfix'>\n\n<style type=\"text\/css\" data-created_by=\"avia_inline_auto\" id=\"style-css-av-yxvx-a1dc8b7665b7b14a7797f16a25c13851\">\n.flex_column.av-yxvx-a1dc8b7665b7b14a7797f16a25c13851{\n-webkit-border-radius:0px 0px 0px 0px;\n-moz-border-radius:0px 0px 0px 0px;\nborder-radius:0px 0px 0px 0px;\npadding:0px 0px 0px 0px;\n}\n<\/style>\n<div class='flex_column av-yxvx-a1dc8b7665b7b14a7797f16a25c13851 av_one_full  avia-builder-el-17  el_after_av_section  avia-builder-el-no-sibling  first flex_column_div av-zero-column-padding '     ><style type=\"text\/css\" data-created_by=\"avia_inline_auto\" id=\"style-css-av-k6hwb9ry-42c4244c9a185329ac590247423fc523\">\n#top .hr.hr-invisible.av-k6hwb9ry-42c4244c9a185329ac590247423fc523{\nheight:10px;\n}\n<\/style>\n<div  class='hr av-k6hwb9ry-42c4244c9a185329ac590247423fc523 hr-invisible  avia-builder-el-18  avia-builder-el-no-sibling '><span class='hr-inner '><span class=\"hr-inner-style\"><\/span><\/span><\/div><\/div>\n","protected":false},"excerpt":{"rendered":"","protected":false},"author":1,"featured_media":0,"parent":0,"menu_order":0,"comment_status":"open","ping_status":"open","template":"","meta":{"footnotes":""},"class_list":["post-21","page","type-page","status-publish","hentry"],"_links":{"self":[{"href":"https:\/\/arcora-academy.com\/de\/wp-json\/wp\/v2\/pages\/21","targetHints":{"allow":["GET"]}}],"collection":[{"href":"https:\/\/arcora-academy.com\/de\/wp-json\/wp\/v2\/pages"}],"about":[{"href":"https:\/\/arcora-academy.com\/de\/wp-json\/wp\/v2\/types\/page"}],"author":[{"embeddable":true,"href":"https:\/\/arcora-academy.com\/de\/wp-json\/wp\/v2\/users\/1"}],"replies":[{"embeddable":true,"href":"https:\/\/arcora-academy.com\/de\/wp-json\/wp\/v2\/comments?post=21"}],"version-history":[{"count":17,"href":"https:\/\/arcora-academy.com\/de\/wp-json\/wp\/v2\/pages\/21\/revisions"}],"predecessor-version":[{"id":756,"href":"https:\/\/arcora-academy.com\/de\/wp-json\/wp\/v2\/pages\/21\/revisions\/756"}],"wp:attachment":[{"href":"https:\/\/arcora-academy.com\/de\/wp-json\/wp\/v2\/media?parent=21"}],"curies":[{"name":"wp","href":"https:\/\/api.w.org\/{rel}","templated":true}]}}